{"id":3213,"date":"2021-09-22T12:39:21","date_gmt":"2021-09-22T10:39:21","guid":{"rendered":"https:\/\/www.limacreazioni.com\/?page_id=3213"},"modified":"2021-09-22T13:30:46","modified_gmt":"2021-09-22T11:30:46","slug":"cookie-policy","status":"publish","type":"page","link":"https:\/\/www.limacreazioni.com\/en\/cookie-policy\/","title":{"rendered":"Cookie policy"},"content":{"rendered":"<p>[et_pb_section fb_built=&#8221;1&#8243; _builder_version=&#8221;3.22&#8243; transparent_background=&#8221;off&#8221; make_fullwidth=&#8221;off&#8221; use_custom_width=&#8221;off&#8221; width_unit=&#8221;on&#8221; global_colors_info=&#8221;{}&#8221;][et_pb_row _builder_version=&#8221;3.25&#8243; background_size=&#8221;initial&#8221; background_position=&#8221;top_left&#8221; background_repeat=&#8221;repeat&#8221; global_colors_info=&#8221;{}&#8221;][et_pb_column type=&#8221;4_4&#8243; _builder_version=&#8221;3.25&#8243; custom_padding=&#8221;|||&#8221; global_colors_info=&#8221;{}&#8221; custom_padding__hover=&#8221;|||&#8221;][et_pb_text admin_label=&#8221;Privacy&#8221; _builder_version=&#8221;4.10.8&#8243; background_size=&#8221;initial&#8221; background_position=&#8221;top_left&#8221; background_repeat=&#8221;repeat&#8221; text_orientation=&#8221;center&#8221; module_alignment=&#8221;center&#8221; hover_enabled=&#8221;0&#8243; border_color_all=&#8221;off&#8221; use_border_color=&#8221;off&#8221; border_color=&#8221;#ffffff&#8221; border_style=&#8221;solid&#8221; global_colors_info=&#8221;{}&#8221; sticky_enabled=&#8221;0&#8243;]<\/p>\n<h1>Politica sui cookies<\/h1>\n<p>[\/et_pb_text][et_pb_image src=&#8221;https:\/\/www.limacreazioni.com\/wp-content\/uploads\/2018\/02\/decori-lima-04.png&#8221; align=&#8221;center&#8221; force_fullwidth=&#8221;on&#8221; align_tablet=&#8221;center&#8221; align_phone=&#8221;&#8221; align_last_edited=&#8221;on|desktop&#8221; admin_label=&#8221;decoro separazione&#8221; _builder_version=&#8221;3.23&#8243; always_center_on_mobile=&#8221;on&#8221; global_colors_info=&#8221;{}&#8221;][\/et_pb_image][\/et_pb_column][\/et_pb_row][et_pb_row _builder_version=&#8221;3.25&#8243; background_size=&#8221;initial&#8221; background_position=&#8221;top_left&#8221; background_repeat=&#8221;repeat&#8221; global_colors_info=&#8221;{}&#8221;][et_pb_column type=&#8221;4_4&#8243; _builder_version=&#8221;3.25&#8243; custom_padding=&#8221;|||&#8221; global_colors_info=&#8221;{}&#8221; custom_padding__hover=&#8221;|||&#8221;][et_pb_text _builder_version=&#8221;4.10.8&#8243; background_size=&#8221;initial&#8221; background_position=&#8221;top_left&#8221; background_repeat=&#8221;repeat&#8221; text_orientation=&#8221;justified&#8221; module_alignment=&#8221;justified&#8221; hover_enabled=&#8221;0&#8243; use_border_color=&#8221;off&#8221; border_color=&#8221;#ffffff&#8221; border_style=&#8221;solid&#8221; global_colors_info=&#8221;{}&#8221; sticky_enabled=&#8221;0&#8243;]<\/p>\n<h3 class=\"p1\" style=\"text-align: justify;\">Informativa relativa alle tipologie e utilizzo dei cookie sul nostro sito.<\/h3>\n<p>[\/et_pb_text][et_pb_text _builder_version=&#8221;4.10.8&#8243; background_size=&#8221;initial&#8221; background_position=&#8221;top_left&#8221; background_repeat=&#8221;repeat&#8221; text_orientation=&#8221;justified&#8221; module_alignment=&#8221;left&#8221; hover_enabled=&#8221;0&#8243; use_border_color=&#8221;off&#8221; global_colors_info=&#8221;{}&#8221; sticky_enabled=&#8221;0&#8243;]<\/p>\n<p>In questa pagina puoi trovare le informazioni necessarie sull\u2019uso dei cookie effettuato sul sito internet <strong>www.limacreazioni.com<\/strong> e le modalit\u00e0 per identificarli e disabilitarli o cancellarli.<\/p>\n<p class=\"p1\" style=\"text-align: left;\">Questa Policy pu\u00f2 essere aggiornata in qualsiasi momento per modifica della normativa vigente o per qualsiasi cambiamento nella configurazione e tipologia dei cookie utilizzati.<\/p>\n<p>[\/et_pb_text][\/et_pb_column][\/et_pb_row][et_pb_row _builder_version=&#8221;3.25&#8243; background_size=&#8221;initial&#8221; background_position=&#8221;top_left&#8221; background_repeat=&#8221;repeat&#8221; global_colors_info=&#8221;{}&#8221;][et_pb_column type=&#8221;4_4&#8243; _builder_version=&#8221;3.25&#8243; custom_padding=&#8221;|||&#8221; global_colors_info=&#8221;{}&#8221; custom_padding__hover=&#8221;|||&#8221;][et_pb_text _builder_version=&#8221;4.10.8&#8243; background_size=&#8221;initial&#8221; background_position=&#8221;top_left&#8221; background_repeat=&#8221;repeat&#8221; text_orientation=&#8221;justified&#8221; module_alignment=&#8221;justified&#8221; hover_enabled=&#8221;0&#8243; use_border_color=&#8221;off&#8221; border_color=&#8221;#ffffff&#8221; border_style=&#8221;solid&#8221; global_colors_info=&#8221;{}&#8221; sticky_enabled=&#8221;0&#8243;]<\/p>\n<h3 class=\"p1\" style=\"text-align: justify;\">Cosa sono i cookie<\/h3>\n<p>[\/et_pb_text][et_pb_text _builder_version=&#8221;4.10.8&#8243; background_size=&#8221;initial&#8221; background_position=&#8221;top_left&#8221; background_repeat=&#8221;repeat&#8221; text_orientation=&#8221;justified&#8221; module_alignment=&#8221;left&#8221; hover_enabled=&#8221;0&#8243; use_border_color=&#8221;off&#8221; global_colors_info=&#8221;{}&#8221; sticky_enabled=&#8221;0&#8243;]<\/p>\n<p>I cookie sono brevi stringhe che vengono salvate, durante la navigazione sul sito Web, sul computer, smartphone o tablet dell\u2019utente e che consentono al nostro sito di riconoscere l\u2019utente successivamente alla prima visita e quindi migliorare la sua esperienza di utilizzo.<\/p>\n<p>Il nostro sistema utilizza cookie temporanei che hanno una durata limitata alla visita e vengono eliminati alla chiusura del browser, e cookie permanenti, che rimangono memorizzati sul dispositivo anche dopo aver abbandonato il sito Web o comunque aver chiuso il browser: questi cookie permangono fino alla loro scadenza prevista o finch\u00e9 non siano eliminati manualmente dall\u2019utente.<\/p>\n<p>[\/et_pb_text][et_pb_text _builder_version=&#8221;4.10.8&#8243; background_size=&#8221;initial&#8221; background_position=&#8221;top_left&#8221; background_repeat=&#8221;repeat&#8221; text_orientation=&#8221;justified&#8221; module_alignment=&#8221;justified&#8221; hover_enabled=&#8221;0&#8243; use_border_color=&#8221;off&#8221; border_color=&#8221;#ffffff&#8221; border_style=&#8221;solid&#8221; global_colors_info=&#8221;{}&#8221; sticky_enabled=&#8221;0&#8243;]<\/p>\n<h3 class=\"p1\" style=\"text-align: justify;\">Accettare o rifiutare i cookie \u00e8 un tuo diritto<\/h3>\n<p>[\/et_pb_text][et_pb_text _builder_version=&#8221;4.10.8&#8243; background_size=&#8221;initial&#8221; background_position=&#8221;top_left&#8221; background_repeat=&#8221;repeat&#8221; text_orientation=&#8221;justified&#8221; module_alignment=&#8221;justified&#8221; hover_enabled=&#8221;0&#8243; use_border_color=&#8221;off&#8221; border_color=&#8221;#ffffff&#8221; border_style=&#8221;solid&#8221; global_colors_info=&#8221;{}&#8221; sticky_enabled=&#8221;0&#8243;]<\/p>\n<p><strong>www.limacreazioni.com<\/strong> utilizza i seguenti tipi di cookie:<\/p>\n<ul>\n<li>Cookie di sessione (o tecnici): temporanei che consentono all\u2019utente di accedere a servizi personalizzati ed a sfruttare appieno le funzionalit\u00e0 del sito.<\/li>\n<li>Cookie di analisi: sia temporanei che permanenti, permettono di raccogliere in modo aggregato informazioni relative al comportamento degli utenti sul sito e quindi migliorarne l\u2019esperienza ed i contenuti forniti. Le informazioni raccolte in questo modo non hanno valenza personale in quanto i dati sono raccolti e analizzati in forma anonima. Utilizziamo specificatamente i cookie di Google Analytics* secondo le modalit\u00e0 riportate in <a href=\"https:\/\/developers.google.com\/analytics\/devguides\/collection\/analyticsjs\/cookie-usage\" target=\"_blank\" rel=\"noopener\">questa pagina<\/a>.<\/li>\n<li>Cookie sociali: sono forniti direttamente dai domini dei social media che ospitiamo tramite link a pagine ufficiali, pulsanti di condivisione e collegamenti. L\u2019uso di tali pulsanti e funzionalit\u00e0 implica lo scambio di informazioni con tali siti, pertanto la gestione delle informazioni e le modalit\u00e0 per eliminarle \u00e8 regolamentata dagli stessi: si invita l\u2019utente a consultare le rispettive informative sulla privacy di ciascuno dei siti in oggetto.<\/li>\n<\/ul>\n<p>[\/et_pb_text][\/et_pb_column][\/et_pb_row][et_pb_row _builder_version=&#8221;3.25&#8243; background_size=&#8221;initial&#8221; background_position=&#8221;top_left&#8221; background_repeat=&#8221;repeat&#8221; global_colors_info=&#8221;{}&#8221;][et_pb_column type=&#8221;4_4&#8243; _builder_version=&#8221;3.25&#8243; custom_padding=&#8221;|||&#8221; global_colors_info=&#8221;{}&#8221; custom_padding__hover=&#8221;|||&#8221;][et_pb_text _builder_version=&#8221;4.10.8&#8243; background_size=&#8221;initial&#8221; background_position=&#8221;top_left&#8221; background_repeat=&#8221;repeat&#8221; text_orientation=&#8221;justified&#8221; module_alignment=&#8221;justified&#8221; hover_enabled=&#8221;0&#8243; use_border_color=&#8221;off&#8221; border_color=&#8221;#ffffff&#8221; border_style=&#8221;solid&#8221; global_colors_info=&#8221;{}&#8221; sticky_enabled=&#8221;0&#8243;]<\/p>\n<h3 class=\"p1\" style=\"text-align: justify;\">Quali cookie utilizziamo e a quale scopo<\/h3>\n<p>[\/et_pb_text][et_pb_text _builder_version=&#8221;4.10.8&#8243; background_size=&#8221;initial&#8221; background_position=&#8221;top_left&#8221; background_repeat=&#8221;repeat&#8221; text_orientation=&#8221;justified&#8221; module_alignment=&#8221;left&#8221; hover_enabled=&#8221;0&#8243; use_border_color=&#8221;off&#8221; global_colors_info=&#8221;{}&#8221; sticky_enabled=&#8221;0&#8243;]<\/p>\n<p>Navigando sul nostro sito, implicitamente acconsenti all\u2019utilizzo dei cookie suddetti. Per impostazioni predefinite i browser generalmente accettano l\u2019utilizzo dei cookie sia provenienti dal nostro sito che dai siti terzi. \u00c8 comunque possibile modificare tali impostazioni e scegliere tra l\u2019accettazione incondizionata, la visualizzazione di una finestra popup che richiede un\u2019azione esplicita da parte dell\u2019utente o il rifiuto dei cookie indistintamente.<\/p>\n<p>Per gestire l\u2019uso dei cookie \u00e8 necessario modificare le impostazioni del browser tramite la relativa barra degli strumenti.<\/p>\n<p>Di seguito riportiamo i link alle risorse che descrivono le modalit\u00e0 di gestione dei cookie per i browser pi\u00f9 popolari:<\/p>\n<ul>\n<li>Internet Explorer:\u00a0<a href=\"http:\/\/windows.microsoft.com\/it-it\/internet-explorer\/delete-manage-cookies#ie=ie-11\" target=\"_blank\" rel=\"noopener\">gestione dei cookie<\/a>.<\/li>\n<li>Mozilla Firefox:\u00a0<a href=\"https:\/\/support.mozilla.org\/it\/kb\/Eliminare%20i%20cookie?esab=a&amp;s=cookie&amp;r=5&amp;as=s\" target=\"_blank\" rel=\"noopener\">eliminare i cookie<\/a>\u00a0e\u00a0<a href=\"https:\/\/support.mozilla.org\/it\/kb\/Bloccare%20i%20cookie?esab=a&amp;s=cookie&amp;r=0&amp;as=s\" target=\"_blank\" rel=\"noopener\">bloccare i cookie dei siti<\/a>.<\/li>\n<li>Google Chrome:\u00a0<a href=\"https:\/\/support.mozilla.org\/it\/kb\/Bloccare%20i%20cookie?esab=a&amp;s=cookie&amp;r=0&amp;as=s\" target=\"_blank\" rel=\"noopener\">gestione dei cookie<\/a>.<\/li>\n<li>Opera:\u00a0<a href=\"http:\/\/help.opera.com\/Windows\/12.10\/it\/cookies.html\" target=\"_blank\" rel=\"noopener\">gestione dei cookie<\/a>.<\/li>\n<li>Safari:\u00a0<a href=\"https:\/\/support.apple.com\/it-it\/HT201265\" target=\"_blank\" rel=\"noopener\">gestione dei cookie<\/a>.<\/li>\n<\/ul>\n<p>\u00c8 possibile disabilitare i cookie di Google Analytics visitando la pagina web\u00a0<a href=\"https:\/\/tools.google.com\/dlpage\/gaoptout\" target=\"_blank\" rel=\"noopener\">Google GaOptOut<\/a>\u00a0e scaricando il componente aggiuntivo per il browser utilizzato.<\/p>\n<p>Ricorda che devi settare le preferenze sui cookie per ogni dispositivo ed ogni browser utilizzato nella navigazione su internet.<\/p>\n<p>Per consentire al sito Web di funzionare correttamente, sfruttarne le funzionalit\u00e0 e l\u2019uso nella sua completezza, consigliamo di accettare l\u2019uso dei cookie sia nostri che di terze parti.<\/p>\n<p>[\/et_pb_text][et_pb_divider show_divider=&#8221;off&#8221; disabled_on=&#8221;on|on|off&#8221; _builder_version=&#8221;3.23.4&#8243; height=&#8221;20px&#8221; hide_on_mobile=&#8221;on&#8221; global_colors_info=&#8221;{}&#8221;][\/et_pb_divider][\/et_pb_column][\/et_pb_row][\/et_pb_section][et_pb_section fb_built=&#8221;1&#8243; fullwidth=&#8221;on&#8221; _builder_version=&#8221;3.22&#8243; transparent_background=&#8221;off&#8221; make_fullwidth=&#8221;off&#8221; use_custom_width=&#8221;off&#8221; width_unit=&#8221;on&#8221; global_colors_info=&#8221;{}&#8221;][et_pb_fullwidth_image src=&#8221;https:\/\/www.limacreazioni.com\/wp-content\/uploads\/2018\/03\/linea-6px-sfumata-01.png&#8221; admin_label=&#8221;linea sfumata&#8221; _builder_version=&#8221;3.0.87&#8243; use_border_color=&#8221;off&#8221; border_color=&#8221;#ffffff&#8221; border_style=&#8221;solid&#8221; animation=&#8221;off&#8221; global_colors_info=&#8221;{}&#8221;][\/et_pb_fullwidth_image][\/et_pb_section]<\/p>\n","protected":false},"excerpt":{"rendered":"<p>Politica sui cookiesInformativa relativa alle tipologie e utilizzo dei cookie sul nostro sito.In questa pagina puoi trovare le informazioni necessarie sull\u2019uso dei cookie effettuato sul sito internet www.limacreazioni.com e le modalit\u00e0 per identificarli e disabilitarli o cancellarli. Questa Policy pu\u00f2 essere aggiornata in qualsiasi momento per modifica della normativa vigente o per qualsiasi cambiamento nella [&hellip;]<\/p>\n","protected":false},"author":2,"featured_media":0,"parent":0,"menu_order":0,"comment_status":"closed","ping_status":"closed","template":"","meta":{"_et_pb_use_builder":"on","_et_pb_old_content":"","_et_gb_content_width":"","footnotes":""},"class_list":["post-3213","page","type-page","status-publish","hentry"],"_links":{"self":[{"href":"https:\/\/www.limacreazioni.com\/en\/wp-json\/wp\/v2\/pages\/3213","targetHints":{"allow":["GET"]}}],"collection":[{"href":"https:\/\/www.limacreazioni.com\/en\/wp-json\/wp\/v2\/pages"}],"about":[{"href":"https:\/\/www.limacreazioni.com\/en\/wp-json\/wp\/v2\/types\/page"}],"author":[{"embeddable":true,"href":"https:\/\/www.limacreazioni.com\/en\/wp-json\/wp\/v2\/users\/2"}],"replies":[{"embeddable":true,"href":"https:\/\/www.limacreazioni.com\/en\/wp-json\/wp\/v2\/comments?post=3213"}],"version-history":[{"count":4,"href":"https:\/\/www.limacreazioni.com\/en\/wp-json\/wp\/v2\/pages\/3213\/revisions"}],"predecessor-version":[{"id":3227,"href":"https:\/\/www.limacreazioni.com\/en\/wp-json\/wp\/v2\/pages\/3213\/revisions\/3227"}],"wp:attachment":[{"href":"https:\/\/www.limacreazioni.com\/en\/wp-json\/wp\/v2\/media?parent=3213"}],"curies":[{"name":"wp","href":"https:\/\/api.w.org\/{rel}","templated":true}]}}